{"id":4382,"date":"2021-09-30T13:55:08","date_gmt":"2021-09-30T13:55:08","guid":{"rendered":"https:\/\/az-teas.co.jp\/?page_id=4382"},"modified":"2023-08-16T18:31:18","modified_gmt":"2023-08-16T18:31:18","slug":"event-schedules","status":"publish","type":"page","link":"https:\/\/az-teas.co.jp\/fr\/event-schedules\/","title":{"rendered":"Event Schedules"},"content":{"rendered":"<div data-elementor-type=\"wp-page\" data-elementor-id=\"4382\" class=\"elementor elementor-4382\" data-elementor-post-type=\"page\">\n\t\t\t\t\t\t<div class=\"elementor-section elementor-top-section elementor-element elementor-element-feb6318 elementor-section-stretched elementor-section-height-min-height elementor-section-boxed elementor-section-height-default elementor-section-items-middle\" data-id=\"feb6318\" data-element_type=\"section\" data-e-type=\"section\" data-settings=\"{&quot;stretch_section&quot;:&quot;section-stretched&quot;,&quot;background_background&quot;:&quot;classic&quot;}\">\n\t\t\t\t\t\t\t<div class=\"elementor-background-overlay\"><\/div>\n\t\t\t\t\t\t\t<div class=\"elementor-container elementor-column-gap-no\">\n\t\t\t\t\t<div class=\"elementor-column elementor-col-100 elementor-top-column elementor-element elementor-element-b1c1427\" data-id=\"b1c1427\" data-element_type=\"column\" data-e-type=\"column\">\n\t\t\t<div class=\"elementor-widget-wrap elementor-element-populated\">\n\t\t\t\t\t\t<div class=\"elementor-element elementor-element-8321979 elementor-widget elementor-widget-heading\" data-id=\"8321979\" data-element_type=\"widget\" data-e-type=\"widget\" data-widget_type=\"heading.default\">\n\t\t\t\t<div class=\"elementor-widget-container\">\n\t\t\t\t\t<h2 class=\"elementor-heading-title elementor-size-default\">Event <\/h2>\t\t\t\t<\/div>\n\t\t\t\t<\/div>\n\t\t\t\t\t<\/div>\n\t\t<\/div>\n\t\t\t\t\t<\/div>\n\t\t<\/div>\n\t\t\t\t<section class=\"elementor-section elementor-top-section elementor-element elementor-element-45149fb elementor-section-boxed elementor-section-height-default elementor-section-height-default\" data-id=\"45149fb\" data-element_type=\"section\" data-e-type=\"section\">\n\t\t\t\t\t\t<div class=\"elementor-container elementor-column-gap-default\">\n\t\t\t\t\t<div class=\"elementor-column elementor-col-100 elementor-top-column elementor-element elementor-element-dc5bdb0\" data-id=\"dc5bdb0\" data-element_type=\"column\" data-e-type=\"column\">\n\t\t\t<div class=\"elementor-widget-wrap elementor-element-populated\">\n\t\t\t\t\t\t<div class=\"elementor-element elementor-element-0fbd463 elementor-position-inline-start elementor-view-default elementor-mobile-position-block-start elementor-widget elementor-widget-icon-box\" data-id=\"0fbd463\" data-element_type=\"widget\" data-e-type=\"widget\" data-widget_type=\"icon-box.default\">\n\t\t\t\t<div class=\"elementor-widget-container\">\n\t\t\t\t\t\t\t<div class=\"elementor-icon-box-wrapper\">\n\n\t\t\t\t\t\t<div class=\"elementor-icon-box-icon\">\n\t\t\t\t<span  class=\"elementor-icon\">\n\t\t\t\t<i aria-hidden=\"true\" class=\"fas fa-leaf\"><\/i>\t\t\t\t<\/span>\n\t\t\t<\/div>\n\t\t\t\n\t\t\t\t\t\t<div class=\"elementor-icon-box-content\">\n\n\t\t\t\t\t\t\t\t\t<h1 class=\"elementor-icon-box-title\">\n\t\t\t\t\t\t<span  >\n\t\t\t\t\t\t\tEvent Schedules \t\t\t\t\t\t<\/span>\n\t\t\t\t\t<\/h1>\n\t\t\t\t\n\t\t\t\t\n\t\t\t<\/div>\n\t\t\t\n\t\t<\/div>\n\t\t\t\t\t\t<\/div>\n\t\t\t\t<\/div>\n\t\t\t\t<div class=\"elementor-element elementor-element-4ffdeec elementor-widget-divider--view-line elementor-widget elementor-widget-divider\" data-id=\"4ffdeec\" data-element_type=\"widget\" data-e-type=\"widget\" data-widget_type=\"divider.default\">\n\t\t\t\t<div class=\"elementor-widget-container\">\n\t\t\t\t\t\t\t<div class=\"elementor-divider\">\n\t\t\t<span class=\"elementor-divider-separator\">\n\t\t\t\t\t\t<\/span>\n\t\t<\/div>\n\t\t\t\t\t\t<\/div>\n\t\t\t\t<\/div>\n\t\t\t\t<div class=\"elementor-element elementor-element-bde4224 elementor-widget elementor-widget-MEC\" data-id=\"bde4224\" data-element_type=\"widget\" data-e-type=\"widget\" data-widget_type=\"MEC.default\">\n\t\t\t\t<div class=\"elementor-widget-container\">\n\t\t\t\t\t<div class=\"mec-wrap mec-skin-list-container\" id=\"mec_skin_4399\">\r\n\r\n    \r\n        <div class=\"mec-skin-list-events-container\" id=\"mec_skin_events_4399\">\r\n        Aucun \u00e9v\u00e9nement trouv\u00e9 !    <\/div>\r\n    \r\n    \r\n<\/div>\r\n\t\t\t\t<\/div>\n\t\t\t\t<\/div>\n\t\t\t\t\t<\/div>\n\t\t<\/div>\n\t\t\t\t\t<\/div>\n\t\t<\/section>\n\t\t\t\t<section class=\"elementor-section elementor-top-section elementor-element elementor-element-ddedeae elementor-section-boxed elementor-section-height-default elementor-section-height-default\" data-id=\"ddedeae\" data-element_type=\"section\" data-e-type=\"section\">\n\t\t\t\t\t\t<div class=\"elementor-container elementor-column-gap-default\">\n\t\t\t\t\t<div class=\"elementor-column elementor-col-100 elementor-top-column elementor-element elementor-element-e4b7251\" data-id=\"e4b7251\" data-element_type=\"column\" data-e-type=\"column\">\n\t\t\t<div class=\"elementor-widget-wrap elementor-element-populated\">\n\t\t\t\t\t\t\t<\/div>\n\t\t<\/div>\n\t\t\t\t\t<\/div>\n\t\t<\/section>\n\t\t\t\t<\/div>","protected":false},"excerpt":{"rendered":"<p>Event Event Schedules August 2023 30 August Wednesday 05 September Tuesday \u5927\u4e38\u4eac\u90fd\u5e97 \u30bb\u30a4\u30ed\u30f3\u7d05\u8336\u8ca9\u58f2\u4f1a \u5927\u4e38\u4eac\u90fd\u5e97 | \u3012600-8511 \u4eac\u90fd\u5e02\u4e0b\u4eac\u533a\u56db\u6761\u901a\u9ad8\u5009\u897f\u5165\u7acb\u58f2\u897f\u753a79\u756a\u5730 View Detail September 2023 13 &#8211; 18 September Wednesday \u30b9\u30b3\u30fc\u30f3\u30d1\u30fc\u30c6\u30a3\u30fc@\u661f\u304c\u4e18\u4e09\u8d8a \u661f\u304c\u4e18\u4e09\u8d8a | \u3012464-8661 \u540d\u53e4\u5c4b\u5e02\u5343\u7a2e\u533a\u661f\u304c\u4e18\u5143\u753a14-14 View Detail 20 &#8211; 26 September Wednesday \u30bb\u30a4\u30ed\u30f3\u7d05\u8336\uff06\u7d05\u8336\u30b9\u30a4\u30fc\u30c4\u8ca9\u58f2\u4f1a @\u7389\u5ddd\u9ad8\u5cf6\u5c4b \u7389\u5ddd\u9ad8\u5cf6\u5c4b | \u3012158-0094\u6771\u4eac\u90fd\u4e16\u7530\u8c37\u533a\u7389\u5ddd3-17-1 View Detail 27 September Wednesday 03 October Tuesday \u30bb\u30a4\u30ed\u30f3\u7d05\u8336\uff06\u7d05\u8336\u30b9\u30a4\u30fc\u30c4\u8ca9\u58f2\u4f1a @\u5927\u4e38\u672d\u5e4c\u5e97 \u5927\u4e38\u672d\u5e4c\u5e97 | [&hellip;]<\/p>\n","protected":false},"author":2,"featured_media":0,"parent":0,"menu_order":0,"comment_status":"closed","ping_status":"closed","template":"","meta":{"_acf_changed":false,"inline_featured_image":false,"footnotes":""},"class_list":["post-4382","page","type-page","status-publish","hentry"],"acf":[],"_links":{"self":[{"href":"https:\/\/az-teas.co.jp\/fr\/wp-json\/wp\/v2\/pages\/4382","targetHints":{"allow":["GET"]}}],"collection":[{"href":"https:\/\/az-teas.co.jp\/fr\/wp-json\/wp\/v2\/pages"}],"about":[{"href":"https:\/\/az-teas.co.jp\/fr\/wp-json\/wp\/v2\/types\/page"}],"author":[{"embeddable":true,"href":"https:\/\/az-teas.co.jp\/fr\/wp-json\/wp\/v2\/users\/2"}],"replies":[{"embeddable":true,"href":"https:\/\/az-teas.co.jp\/fr\/wp-json\/wp\/v2\/comments?post=4382"}],"version-history":[{"count":0,"href":"https:\/\/az-teas.co.jp\/fr\/wp-json\/wp\/v2\/pages\/4382\/revisions"}],"wp:attachment":[{"href":"https:\/\/az-teas.co.jp\/fr\/wp-json\/wp\/v2\/media?parent=4382"}],"curies":[{"name":"wp","href":"https:\/\/api.w.org\/{rel}","templated":true}]}}