{"id":6229,"date":"2021-10-25T21:17:41","date_gmt":"2021-10-25T21:17:41","guid":{"rendered":"https:\/\/az-teas.co.jp\/?page_id=6229"},"modified":"2025-10-17T02:40:48","modified_gmt":"2025-10-16T17:40:48","slug":"regional-teas-premade-gifts","status":"publish","type":"page","link":"https:\/\/az-teas.co.jp\/fr\/regional-teas-premade-gifts\/","title":{"rendered":"Regional Teas Premade Gifts"},"content":{"rendered":"\t\t<div data-elementor-type=\"wp-page\" data-elementor-id=\"6229\" class=\"elementor elementor-6229\" data-elementor-post-type=\"page\">\n\t\t\t\t\t\t<div class=\"elementor-section elementor-top-section elementor-element elementor-element-e2014bb elementor-section-stretched elementor-section-height-min-height elementor-section-boxed elementor-section-height-default elementor-section-items-middle\" data-id=\"e2014bb\" data-element_type=\"section\" data-e-type=\"section\" data-settings=\"{&quot;stretch_section&quot;:&quot;section-stretched&quot;,&quot;background_background&quot;:&quot;classic&quot;,&quot;background_motion_fx_motion_fx_scrolling&quot;:&quot;yes&quot;,&quot;background_motion_fx_translateY_effect&quot;:&quot;yes&quot;,&quot;background_motion_fx_translateY_speed&quot;:{&quot;unit&quot;:&quot;px&quot;,&quot;size&quot;:4,&quot;sizes&quot;:[]},&quot;background_motion_fx_translateY_affectedRange&quot;:{&quot;unit&quot;:&quot;%&quot;,&quot;size&quot;:&quot;&quot;,&quot;sizes&quot;:{&quot;start&quot;:0,&quot;end&quot;:100}},&quot;background_motion_fx_devices&quot;:[&quot;desktop&quot;,&quot;tablet&quot;,&quot;mobile&quot;]}\">\n\t\t\t\t\t\t\t<div class=\"elementor-background-overlay\"><\/div>\n\t\t\t\t\t\t\t<div class=\"elementor-container elementor-column-gap-no\">\n\t\t\t\t\t<div class=\"elementor-column elementor-col-100 elementor-top-column elementor-element elementor-element-efc7099\" data-id=\"efc7099\" data-element_type=\"column\" data-e-type=\"column\">\n\t\t\t<div class=\"elementor-widget-wrap elementor-element-populated\">\n\t\t\t\t\t\t<div class=\"elementor-element elementor-element-fd24e86 elementor-widget elementor-widget-heading\" data-id=\"fd24e86\" data-element_type=\"widget\" data-e-type=\"widget\" data-widget_type=\"heading.default\">\n\t\t\t\t<div class=\"elementor-widget-container\">\n\t\t\t\t\t<h2 class=\"elementor-heading-title elementor-size-default\">Regional Teas Gifts<\/h2>\t\t\t\t<\/div>\n\t\t\t\t<\/div>\n\t\t\t\t\t<\/div>\n\t\t<\/div>\n\t\t\t\t\t<\/div>\n\t\t<\/div>\n\t\t\t\t<section class=\"elementor-section elementor-top-section elementor-element elementor-element-6a6f239 elementor-section-height-min-height elementor-section-boxed elementor-section-height-default elementor-section-items-middle\" data-id=\"6a6f239\" data-element_type=\"section\" data-e-type=\"section\">\n\t\t\t\t\t\t<div class=\"elementor-container elementor-column-gap-no\">\n\t\t\t\t\t<div class=\"elementor-column elementor-col-100 elementor-top-column elementor-element elementor-element-db8e04d\" data-id=\"db8e04d\" data-element_type=\"column\" data-e-type=\"column\">\n\t\t\t<div class=\"elementor-widget-wrap elementor-element-populated\">\n\t\t\t\t\t\t<div class=\"elementor-element elementor-element-c531940 elementor-position-inline-end elementor-view-default elementor-mobile-position-block-start elementor-widget elementor-widget-icon-box\" data-id=\"c531940\" data-element_type=\"widget\" data-e-type=\"widget\" data-widget_type=\"icon-box.default\">\n\t\t\t\t<div class=\"elementor-widget-container\">\n\t\t\t\t\t\t\t<div class=\"elementor-icon-box-wrapper\">\n\n\t\t\t\t\t\t<div class=\"elementor-icon-box-icon\">\n\t\t\t\t<span  class=\"elementor-icon\">\n\t\t\t\t<i aria-hidden=\"true\" class=\"fas fa-leaf\"><\/i>\t\t\t\t<\/span>\n\t\t\t<\/div>\n\t\t\t\n\t\t\t\t\t\t<div class=\"elementor-icon-box-content\">\n\n\t\t\t\t\t\t\t\t\t<h1 class=\"elementor-icon-box-title\">\n\t\t\t\t\t\t<span  >\n\t\t\t\t\t\t\tRegional Teas Gifts\t\t\t\t\t\t<\/span>\n\t\t\t\t\t<\/h1>\n\t\t\t\t\n\t\t\t\t\n\t\t\t<\/div>\n\t\t\t\n\t\t<\/div>\n\t\t\t\t\t\t<\/div>\n\t\t\t\t<\/div>\n\t\t\t\t<div class=\"elementor-element elementor-element-dbe70c0 elementor-widget-divider--view-line elementor-widget elementor-widget-divider\" data-id=\"dbe70c0\" data-element_type=\"widget\" data-e-type=\"widget\" data-widget_type=\"divider.default\">\n\t\t\t\t<div class=\"elementor-widget-container\">\n\t\t\t\t\t\t\t<div class=\"elementor-divider\">\n\t\t\t<span class=\"elementor-divider-separator\">\n\t\t\t\t\t\t<\/span>\n\t\t<\/div>\n\t\t\t\t\t\t<\/div>\n\t\t\t\t<\/div>\n\t\t\t\t<div class=\"elementor-element elementor-element-81a7fec elementor-widget elementor-widget-text-editor\" data-id=\"81a7fec\" data-element_type=\"widget\" data-e-type=\"widget\" data-widget_type=\"text-editor.default\">\n\t\t\t\t<div class=\"elementor-widget-container\">\n\t\t\t\t\t\t\t\t\t<div class=\"textLayer\"><div dir=\"ltr\" role=\"presentation\" data-font-face=\"g_d0_f1\" data-font=\"PXBSLO+KozGoPr6N-Regular\" data-extra-adjustment=\"0.5037580025608196\" data-ascent=\"1.409\" data-descent=\"-0.339\" data-font-color=\"#ffffff\">Only professionals who know about black tea can produce authentic Ceylon black tea from plantations on the island of Ceylon, which is worthy of the premium name. Since the food hygiene laws of many countries have been revised and made stricter, it has become impossible to export to Japan. In the past, Ceylon black tea tasted like sweet apples and peanuts. There are no authentic \ufb02avored teas with apple, peach, or berry \ufb02avors in the market. Because it is a brand from Sri Lanka, a famous country of black tea, it is possible to deliver the authentic \ufb02avored tea which is not available in the market and has become a fantasy. The tea is made from natural ingredients. We would like to bring the authentic taste of tea, which is hard to \ufb01nd nowadays, to the people of Japan.<\/div><div dir=\"ltr\" role=\"presentation\" data-font-face=\"g_d0_f1\" data-font=\"PXBSLO+KozGoPr6N-Regular\" data-extra-adjustment=\"0.5037580025608196\" data-ascent=\"1.409\" data-descent=\"-0.339\" data-font-color=\"#ffffff\">We hope you enjoy it.<\/div><\/div>\t\t\t\t\t\t\t\t<\/div>\n\t\t\t\t<\/div>\n\t\t\t\t<div class=\"elementor-element elementor-element-5e83533 elementor-widget__width-auto elementor-absolute elementor-hidden-phone elementor-widget elementor-widget-image\" data-id=\"5e83533\" data-element_type=\"widget\" data-e-type=\"widget\" data-settings=\"{&quot;_position&quot;:&quot;absolute&quot;,&quot;motion_fx_motion_fx_scrolling&quot;:&quot;yes&quot;,&quot;motion_fx_translateY_effect&quot;:&quot;yes&quot;,&quot;motion_fx_translateY_speed&quot;:{&quot;unit&quot;:&quot;px&quot;,&quot;size&quot;:4,&quot;sizes&quot;:[]},&quot;motion_fx_translateY_affectedRange&quot;:{&quot;unit&quot;:&quot;%&quot;,&quot;size&quot;:&quot;&quot;,&quot;sizes&quot;:{&quot;start&quot;:0,&quot;end&quot;:100}},&quot;motion_fx_devices&quot;:[&quot;desktop&quot;,&quot;tablet&quot;,&quot;mobile&quot;]}\" data-widget_type=\"image.default\">\n\t\t\t\t<div class=\"elementor-widget-container\">\n\t\t\t\t\t\t\t\t\t\t\t\t\t\t\t<img fetchpriority=\"high\" decoding=\"async\" width=\"256\" height=\"265\" src=\"https:\/\/az-teas.co.jp\/wp-content\/uploads\/2020\/08\/h4_leaf-3.png\" class=\"attachment-full size-full wp-image-1101\" alt=\"\" srcset=\"https:\/\/az-teas.co.jp\/wp-content\/uploads\/2020\/08\/h4_leaf-3.png 256w, https:\/\/az-teas.co.jp\/wp-content\/uploads\/2020\/08\/h4_leaf-3-12x12.png 12w\" sizes=\"(max-width: 256px) 100vw, 256px\" \/>\t\t\t\t\t\t\t\t\t\t\t\t\t\t\t<\/div>\n\t\t\t\t<\/div>\n\t\t\t\t<div class=\"elementor-element elementor-element-f2f9aab elementor-widget__width-auto elementor-absolute elementor-hidden-phone elementor-widget elementor-widget-image\" data-id=\"f2f9aab\" data-element_type=\"widget\" data-e-type=\"widget\" data-settings=\"{&quot;_position&quot;:&quot;absolute&quot;,&quot;motion_fx_motion_fx_scrolling&quot;:&quot;yes&quot;,&quot;motion_fx_translateY_effect&quot;:&quot;yes&quot;,&quot;motion_fx_translateY_speed&quot;:{&quot;unit&quot;:&quot;px&quot;,&quot;size&quot;:4,&quot;sizes&quot;:[]},&quot;motion_fx_translateY_affectedRange&quot;:{&quot;unit&quot;:&quot;%&quot;,&quot;size&quot;:&quot;&quot;,&quot;sizes&quot;:{&quot;start&quot;:0,&quot;end&quot;:100}},&quot;motion_fx_devices&quot;:[&quot;desktop&quot;,&quot;tablet&quot;,&quot;mobile&quot;]}\" data-widget_type=\"image.default\">\n\t\t\t\t<div class=\"elementor-widget-container\">\n\t\t\t\t\t\t\t\t\t\t\t\t\t\t\t<img decoding=\"async\" width=\"243\" height=\"264\" src=\"https:\/\/az-teas.co.jp\/wp-content\/uploads\/2020\/08\/h4_leaf-2.png\" class=\"attachment-full size-full wp-image-1098\" alt=\"\" srcset=\"https:\/\/az-teas.co.jp\/wp-content\/uploads\/2020\/08\/h4_leaf-2.png 243w, https:\/\/az-teas.co.jp\/wp-content\/uploads\/2020\/08\/h4_leaf-2-11x12.png 11w\" sizes=\"(max-width: 243px) 100vw, 243px\" \/>\t\t\t\t\t\t\t\t\t\t\t\t\t\t\t<\/div>\n\t\t\t\t<\/div>\n\t\t\t\t\t<\/div>\n\t\t<\/div>\n\t\t\t\t\t<\/div>\n\t\t<\/section>\n\t\t\t\t<section class=\"elementor-section elementor-top-section elementor-element elementor-element-c2b040e elementor-section-boxed elementor-section-height-default elementor-section-height-default\" data-id=\"c2b040e\" data-element_type=\"section\" data-e-type=\"section\">\n\t\t\t\t\t\t<div class=\"elementor-container elementor-column-gap-default\">\n\t\t\t\t\t<div class=\"elementor-column elementor-col-100 elementor-top-column elementor-element elementor-element-ae0c628\" data-id=\"ae0c628\" data-element_type=\"column\" data-e-type=\"column\">\n\t\t\t<div class=\"elementor-widget-wrap elementor-element-populated\">\n\t\t\t\t\t\t<div class=\"elementor-element elementor-element-e598211 elementor-widget elementor-widget-heading\" data-id=\"e598211\" data-element_type=\"widget\" data-e-type=\"widget\" data-widget_type=\"heading.default\">\n\t\t\t\t<div class=\"elementor-widget-container\">\n\t\t\t\t\t<h2 class=\"elementor-heading-title elementor-size-default\">Products<\/h2>\t\t\t\t<\/div>\n\t\t\t\t<\/div>\n\t\t\t\t<div class=\"elementor-element elementor-element-160c7cb elementor-widget__width-auto elementor-absolute elementor-hidden-phone elementor-invisible elementor-widget elementor-widget-image\" data-id=\"160c7cb\" data-element_type=\"widget\" data-e-type=\"widget\" data-settings=\"{&quot;_animation&quot;:&quot;opal-move-down&quot;,&quot;_position&quot;:&quot;absolute&quot;,&quot;motion_fx_motion_fx_scrolling&quot;:&quot;yes&quot;,&quot;motion_fx_translateY_effect&quot;:&quot;yes&quot;,&quot;motion_fx_translateY_speed&quot;:{&quot;unit&quot;:&quot;px&quot;,&quot;size&quot;:4,&quot;sizes&quot;:[]},&quot;motion_fx_translateY_affectedRange&quot;:{&quot;unit&quot;:&quot;%&quot;,&quot;size&quot;:&quot;&quot;,&quot;sizes&quot;:{&quot;start&quot;:0,&quot;end&quot;:100}},&quot;motion_fx_devices&quot;:[&quot;desktop&quot;,&quot;tablet&quot;,&quot;mobile&quot;]}\" data-widget_type=\"image.default\">\n\t\t\t\t<div class=\"elementor-widget-container\">\n\t\t\t\t\t\t\t\t\t\t\t\t\t\t\t<img decoding=\"async\" width=\"240\" height=\"279\" src=\"https:\/\/az-teas.co.jp\/wp-content\/uploads\/2020\/08\/h3_leaf-4.png\" class=\"attachment-full size-full wp-image-991\" alt=\"\" srcset=\"https:\/\/az-teas.co.jp\/wp-content\/uploads\/2020\/08\/h3_leaf-4.png 240w, https:\/\/az-teas.co.jp\/wp-content\/uploads\/2020\/08\/h3_leaf-4-10x12.png 10w\" sizes=\"(max-width: 240px) 100vw, 240px\" \/>\t\t\t\t\t\t\t\t\t\t\t\t\t\t\t<\/div>\n\t\t\t\t<\/div>\n\t\t\t\t<div class=\"elementor-element elementor-element-391b1d9 elementor-widget elementor-widget-freshio-products-tabs\" data-id=\"391b1d9\" data-element_type=\"widget\" data-e-type=\"widget\" data-widget_type=\"freshio-products-tabs.default\">\n\t\t\t\t<div class=\"elementor-widget-container\">\n\t\t\t\t\t        <div class=\"elementor-tabs\" role=\"tablist\">\n            <div class=\"elementor-tabs-wrapper\">\n                \n                    <div id=\"elementor-tab-title-5981\" class=\"elementor-tab-title elementor-tab-desktop-title elementor-active elementor-repeater-item-06be43f\" data-tab=\"1\" tabindex=\"5981\" role=\"tab\" aria-controls=\"elementor-tab-content-5981\">\n                        \n                        Regional Teas\n                    <\/div>\n                            <\/div>\n            <div class=\"elementor-tabs-content-wrapper\">\n                                    <div id=\"elementor-tab-content-5981\" class=\"elementor-tab-content elementor-clearfix elementor-active elementor-repeater-item-06be43f\" data-tab=\"1\" role=\"tabpanel\" aria-labelledby=\"elementor-tab-title-5981\">\n\n                        <div class=\"woocommerce columns-4  columns-tablet-3\">\n\t<ul class=\"products columns-4\" data-filters-open-classes=\"products columns-4\" data-filters-closed-classes=\"products columns-3\">\n\n\t\t\n<li class=\"product type-product post-10029 status-publish first instock product_cat-ceylon-tea-tour product_cat-mini-tin-gifts-prremade-gifts product_cat-premade-gifts-selection product_cat-regional-teas-premade-gifts has-post-thumbnail taxable shipping-taxable purchasable product-type-simple\">\n\t<div class=\"product-block\">\t\t<div class=\"product-transition\"><div class=\"product-img-wrap default\">\n    <div class=\"inner\">\n        <div class=\"product-image\"><img loading=\"lazy\" decoding=\"async\" width=\"450\" height=\"450\" src=\"https:\/\/az-teas.co.jp\/wp-content\/uploads\/2023\/07\/1-1-Serendiva-5-Mini-Tins-Gift-450x450.png\" class=\"attachment-woocommerce_thumbnail size-woocommerce_thumbnail\" alt=\"Serendiva 5 Mini Tins Gift\" srcset=\"https:\/\/az-teas.co.jp\/wp-content\/uploads\/2023\/07\/1-1-Serendiva-5-Mini-Tins-Gift-450x450.png 450w, https:\/\/az-teas.co.jp\/wp-content\/uploads\/2023\/07\/1-1-Serendiva-5-Mini-Tins-Gift-800x800.png 800w, https:\/\/az-teas.co.jp\/wp-content\/uploads\/2023\/07\/1-1-Serendiva-5-Mini-Tins-Gift-100x100.png 100w, https:\/\/az-teas.co.jp\/wp-content\/uploads\/2023\/07\/1-1-Serendiva-5-Mini-Tins-Gift-150x150.png 150w, https:\/\/az-teas.co.jp\/wp-content\/uploads\/2023\/07\/1-1-Serendiva-5-Mini-Tins-Gift-300x300.png 300w, https:\/\/az-teas.co.jp\/wp-content\/uploads\/2023\/07\/1-1-Serendiva-5-Mini-Tins-Gift-768x768.png 768w, https:\/\/az-teas.co.jp\/wp-content\/uploads\/2023\/07\/1-1-Serendiva-5-Mini-Tins-Gift-500x500.png 500w, https:\/\/az-teas.co.jp\/wp-content\/uploads\/2023\/07\/1-1-Serendiva-5-Mini-Tins-Gift-12x12.png 12w, https:\/\/az-teas.co.jp\/wp-content\/uploads\/2023\/07\/1-1-Serendiva-5-Mini-Tins-Gift-700x700.png 700w, https:\/\/az-teas.co.jp\/wp-content\/uploads\/2023\/07\/1-1-Serendiva-5-Mini-Tins-Gift.png 1000w\" sizes=\"(max-width: 450px) 100vw, 450px\" \/><\/div><div class=\"product-image second-image\"><img loading=\"lazy\" decoding=\"async\" width=\"450\" height=\"450\" src=\"https:\/\/az-teas.co.jp\/wp-content\/uploads\/2023\/07\/DSC_8964-scaled-450x450.jpg\" class=\"attachment-woocommerce_thumbnail size-woocommerce_thumbnail\" alt=\"\" srcset=\"https:\/\/az-teas.co.jp\/wp-content\/uploads\/2023\/07\/DSC_8964-scaled-450x450.jpg 450w, https:\/\/az-teas.co.jp\/wp-content\/uploads\/2023\/07\/DSC_8964-scaled-150x150.jpg 150w, https:\/\/az-teas.co.jp\/wp-content\/uploads\/2023\/07\/DSC_8964-scaled-300x300.jpg 300w, https:\/\/az-teas.co.jp\/wp-content\/uploads\/2023\/07\/DSC_8964-scaled-500x500.jpg 500w, https:\/\/az-teas.co.jp\/wp-content\/uploads\/2023\/07\/DSC_8964-scaled-700x700.jpg 700w, https:\/\/az-teas.co.jp\/wp-content\/uploads\/2023\/07\/DSC_8964-scaled-100x100.jpg 100w\" sizes=\"(max-width: 450px) 100vw, 450px\" \/><\/div>\n    <\/div>\n<\/div>\t\t<div class=\"group-action\">\n\t\t\t<div class=\"shop-action\">\n\t\t\t\t\t\t\t<\/div>\n\t\t<\/div>\n\t\t<a href=\"https:\/\/az-teas.co.jp\/fr\/product\/serendiva-5-mini-gift\/\" class=\"woocommerce-LoopProduct-link woocommerce-loop-product__link\"><\/a><\/div>\n\t\t<h3 class=\"woocommerce-loop-product__title\"><a href=\"https:\/\/az-teas.co.jp\/fr\/product\/serendiva-5-mini-gift\/\">Serendiva 5 Mini Tins Gift<\/a><\/h3>\n\t<span class=\"price\"><span class=\"woocommerce-Price-amount amount\"><bdi><span class=\"woocommerce-Price-currencySymbol\">&yen;<\/span>1,950<\/bdi><\/span><\/span>\n<a href=\"\/fr\/wp-json\/wp\/v2\/pages\/6229?add-to-cart=10029\" aria-describedby=\"woocommerce_loop_add_to_cart_link_describedby_10029\" data-quantity=\"1\" class=\"button product_type_simple add_to_cart_button ajax_add_to_cart\" data-product_id=\"10029\" data-product_sku=\"\" aria-label=\"Ajouter au panier\u00a0: &ldquo;Serendiva 5 Mini Tins Gift&rdquo;\" rel=\"nofollow\" data-success_message=\"\u00ab\u00a0Serendiva 5 Mini Tins Gift\u00a0\u00bb a \u00e9t\u00e9 ajout\u00e9 \u00e0 votre panier\" role=\"button\">Ajouter au panier<\/a>\t<span id=\"woocommerce_loop_add_to_cart_link_describedby_10029\" class=\"screen-reader-text\">\n\t\t\t<\/span>\n<\/div><\/li>\n<li class=\"product type-product post-6291 status-publish instock product_cat-premade-gifts-selection product_cat-regional-teas-premade-gifts has-post-thumbnail taxable shipping-taxable purchasable product-type-cpb_custom_product_boxes\">\n\t<div class=\"product-block\">\t\t<div class=\"product-transition\"><div class=\"product-image\"><img loading=\"lazy\" decoding=\"async\" width=\"450\" height=\"450\" src=\"https:\/\/az-teas.co.jp\/wp-content\/uploads\/2021\/10\/OP-3-Tin-1-450x450.png\" class=\"attachment-woocommerce_thumbnail size-woocommerce_thumbnail\" alt=\"Orange Pekoe Gift Selection of 5 Major Regions - 3 Tin Gift\" srcset=\"https:\/\/az-teas.co.jp\/wp-content\/uploads\/2021\/10\/OP-3-Tin-1-450x450.png 450w, https:\/\/az-teas.co.jp\/wp-content\/uploads\/2021\/10\/OP-3-Tin-1-800x800.png 800w, https:\/\/az-teas.co.jp\/wp-content\/uploads\/2021\/10\/OP-3-Tin-1-100x100.png 100w, https:\/\/az-teas.co.jp\/wp-content\/uploads\/2021\/10\/OP-3-Tin-1-150x150.png 150w, https:\/\/az-teas.co.jp\/wp-content\/uploads\/2021\/10\/OP-3-Tin-1-300x300.png 300w, https:\/\/az-teas.co.jp\/wp-content\/uploads\/2021\/10\/OP-3-Tin-1-768x768.png 768w, https:\/\/az-teas.co.jp\/wp-content\/uploads\/2021\/10\/OP-3-Tin-1-500x500.png 500w, https:\/\/az-teas.co.jp\/wp-content\/uploads\/2021\/10\/OP-3-Tin-1-12x12.png 12w, https:\/\/az-teas.co.jp\/wp-content\/uploads\/2021\/10\/OP-3-Tin-1-700x700.png 700w, https:\/\/az-teas.co.jp\/wp-content\/uploads\/2021\/10\/OP-3-Tin-1.png 1000w\" sizes=\"(max-width: 450px) 100vw, 450px\" \/><\/div>\t\t<div class=\"group-action\">\n\t\t\t<div class=\"shop-action\">\n\t\t\t\t\t\t\t<\/div>\n\t\t<\/div>\n\t\t<a href=\"https:\/\/az-teas.co.jp\/fr\/product\/orange-pekoe-gift-selection-for-5-major-regions-2\/\" class=\"woocommerce-LoopProduct-link woocommerce-loop-product__link\"><\/a><\/div>\n\t\t<h3 class=\"woocommerce-loop-product__title\"><a href=\"https:\/\/az-teas.co.jp\/fr\/product\/orange-pekoe-gift-selection-for-5-major-regions-2\/\">Orange Pekoe Gift Selection of 5 Major Regions &#8211; 3 Tin Gift<\/a><\/h3>\n\t<span class=\"price\"><span class=\"woocommerce-Price-amount amount\"><bdi><span class=\"woocommerce-Price-currencySymbol\">&yen;<\/span>7,850<\/bdi><\/span><\/span>\n<a href=\"https:\/\/az-teas.co.jp\/fr\/product\/orange-pekoe-gift-selection-for-5-major-regions-2\/\" aria-describedby=\"woocommerce_loop_add_to_cart_link_describedby_6291\" data-quantity=\"1\" class=\"button product_type_cpb_custom_product_boxes add_to_cart_button\" data-product_id=\"6291\" data-product_sku=\"\" aria-label=\"Fill box product &ldquo;Orange Pekoe Gift Selection of 5 Major Regions - 3 Tin Gift&rdquo; and add to your cart\" rel=\"nofollow\">Read More<\/a>\t<span id=\"woocommerce_loop_add_to_cart_link_describedby_6291\" class=\"screen-reader-text\">\n\t\t\t<\/span>\n<\/div><\/li>\n<li class=\"product type-product post-6290 status-publish instock product_cat-premade-gifts-selection product_cat-regional-teas-premade-gifts has-post-thumbnail taxable shipping-taxable purchasable product-type-cpb_custom_product_boxes\">\n\t<div class=\"product-block\">\t\t<div class=\"product-transition\"><div class=\"product-image\"><img loading=\"lazy\" decoding=\"async\" width=\"450\" height=\"450\" src=\"https:\/\/az-teas.co.jp\/wp-content\/uploads\/2021\/10\/OP-2-Tin-450x450.png\" class=\"attachment-woocommerce_thumbnail size-woocommerce_thumbnail\" alt=\"Orange Pekoe Gift Selection of 5 Major Regions - 2 Tin Gift\" srcset=\"https:\/\/az-teas.co.jp\/wp-content\/uploads\/2021\/10\/OP-2-Tin-450x450.png 450w, https:\/\/az-teas.co.jp\/wp-content\/uploads\/2021\/10\/OP-2-Tin-800x800.png 800w, https:\/\/az-teas.co.jp\/wp-content\/uploads\/2021\/10\/OP-2-Tin-100x100.png 100w, https:\/\/az-teas.co.jp\/wp-content\/uploads\/2021\/10\/OP-2-Tin-150x150.png 150w, https:\/\/az-teas.co.jp\/wp-content\/uploads\/2021\/10\/OP-2-Tin-300x300.png 300w, https:\/\/az-teas.co.jp\/wp-content\/uploads\/2021\/10\/OP-2-Tin-768x768.png 768w, https:\/\/az-teas.co.jp\/wp-content\/uploads\/2021\/10\/OP-2-Tin-500x500.png 500w, https:\/\/az-teas.co.jp\/wp-content\/uploads\/2021\/10\/OP-2-Tin-12x12.png 12w, https:\/\/az-teas.co.jp\/wp-content\/uploads\/2021\/10\/OP-2-Tin-700x700.png 700w, https:\/\/az-teas.co.jp\/wp-content\/uploads\/2021\/10\/OP-2-Tin.png 1000w\" sizes=\"(max-width: 450px) 100vw, 450px\" \/><\/div>\t\t<div class=\"group-action\">\n\t\t\t<div class=\"shop-action\">\n\t\t\t\t\t\t\t<\/div>\n\t\t<\/div>\n\t\t<a href=\"https:\/\/az-teas.co.jp\/fr\/product\/orange-pekoe-gift-selection-for-5-major-regions\/\" class=\"woocommerce-LoopProduct-link woocommerce-loop-product__link\"><\/a><\/div>\n\t\t<h3 class=\"woocommerce-loop-product__title\"><a href=\"https:\/\/az-teas.co.jp\/fr\/product\/orange-pekoe-gift-selection-for-5-major-regions\/\">Orange Pekoe Gift Selection of 5 Major Regions &#8211; 2 Tin Gift<\/a><\/h3>\n\t<span class=\"price\"><span class=\"woocommerce-Price-amount amount\"><bdi><span class=\"woocommerce-Price-currencySymbol\">&yen;<\/span>5,300<\/bdi><\/span><\/span>\n<a href=\"https:\/\/az-teas.co.jp\/fr\/product\/orange-pekoe-gift-selection-for-5-major-regions\/\" aria-describedby=\"woocommerce_loop_add_to_cart_link_describedby_6290\" data-quantity=\"1\" class=\"button product_type_cpb_custom_product_boxes add_to_cart_button\" data-product_id=\"6290\" data-product_sku=\"\" aria-label=\"Fill box product &ldquo;Orange Pekoe Gift Selection of 5 Major Regions - 2 Tin Gift&rdquo; and add to your cart\" rel=\"nofollow\">Read More<\/a>\t<span id=\"woocommerce_loop_add_to_cart_link_describedby_6290\" class=\"screen-reader-text\">\n\t\t\t<\/span>\n<\/div><\/li>\n<\/ul>\n<\/div>                    <\/div>\n                            <\/div>\n        <\/div>\n        \t\t\t\t<\/div>\n\t\t\t\t<\/div>\n\t\t\t\t<div class=\"elementor-element elementor-element-4ad25cc elementor-button-info elementor-align-center icon-effect-yes elementor-widget elementor-widget-button\" data-id=\"4ad25cc\" data-element_type=\"widget\" data-e-type=\"widget\" data-widget_type=\"button.default\">\n\t\t\t\t<div class=\"elementor-widget-container\">\n\t\t\t\t\t\t\t\t\t<div class=\"elementor-button-wrapper\">\n\t\t\t\t\t<a class=\"elementor-button elementor-button-link elementor-size-sm elementor-animation-grow\" href=\"https:\/\/az-teas.co.jp\/shop\/\" target=\"_blank\">\n\t\t\t\t\t\t<span class=\"elementor-button-content-wrapper\">\n\t\t\t\t\t\t<span class=\"elementor-button-icon\">\n\t\t\t\t<i aria-hidden=\"true\" class=\"fas fa-arrow-right\"><\/i>\t\t\t<\/span>\n\t\t\t\t\t\t\t\t\t<span class=\"elementor-button-text\">Shop All Products<\/span>\n\t\t\t\t\t<\/span>\n\t\t\t\t\t<\/a>\n\t\t\t\t<\/div>\n\t\t\t\t\t\t\t\t<\/div>\n\t\t\t\t<\/div>\n\t\t\t\t<div class=\"elementor-element elementor-element-31744a8 elementor-widget__width-auto elementor-absolute elementor-hidden-phone elementor-widget elementor-widget-image\" data-id=\"31744a8\" data-element_type=\"widget\" data-e-type=\"widget\" data-settings=\"{&quot;_position&quot;:&quot;absolute&quot;,&quot;motion_fx_motion_fx_scrolling&quot;:&quot;yes&quot;,&quot;motion_fx_translateY_effect&quot;:&quot;yes&quot;,&quot;motion_fx_translateY_speed&quot;:{&quot;unit&quot;:&quot;px&quot;,&quot;size&quot;:4,&quot;sizes&quot;:[]},&quot;motion_fx_translateY_affectedRange&quot;:{&quot;unit&quot;:&quot;%&quot;,&quot;size&quot;:&quot;&quot;,&quot;sizes&quot;:{&quot;start&quot;:0,&quot;end&quot;:100}},&quot;motion_fx_devices&quot;:[&quot;desktop&quot;,&quot;tablet&quot;,&quot;mobile&quot;]}\" data-widget_type=\"image.default\">\n\t\t\t\t<div class=\"elementor-widget-container\">\n\t\t\t\t\t\t\t\t\t\t\t\t\t\t\t<img fetchpriority=\"high\" decoding=\"async\" width=\"256\" height=\"265\" src=\"https:\/\/az-teas.co.jp\/wp-content\/uploads\/2020\/08\/h4_leaf-3.png\" class=\"attachment-full size-full wp-image-1101\" alt=\"\" srcset=\"https:\/\/az-teas.co.jp\/wp-content\/uploads\/2020\/08\/h4_leaf-3.png 256w, https:\/\/az-teas.co.jp\/wp-content\/uploads\/2020\/08\/h4_leaf-3-12x12.png 12w\" sizes=\"(max-width: 256px) 100vw, 256px\" \/>\t\t\t\t\t\t\t\t\t\t\t\t\t\t\t<\/div>\n\t\t\t\t<\/div>\n\t\t\t\t\t<\/div>\n\t\t<\/div>\n\t\t\t\t\t<\/div>\n\t\t<\/section>\n\t\t\t\t<\/div>\n\t\t","protected":false},"excerpt":{"rendered":"<p>Regional Teas Gifts Regional Teas Gifts Only professionals who know about black tea can produce authentic Ceylon black tea from plantations on the island of Ceylon, which is worthy of the premium name. Since the food hygiene laws of many countries have been revised and made stricter, it has become impossible to export to Japan. [&hellip;]<\/p>\n","protected":false},"author":1,"featured_media":0,"parent":0,"menu_order":0,"comment_status":"closed","ping_status":"closed","template":"elementor_header_footer","meta":{"_acf_changed":false,"inline_featured_image":false,"footnotes":""},"class_list":["post-6229","page","type-page","status-publish","hentry"],"acf":[],"_links":{"self":[{"href":"https:\/\/az-teas.co.jp\/fr\/wp-json\/wp\/v2\/pages\/6229","targetHints":{"allow":["GET"]}}],"collection":[{"href":"https:\/\/az-teas.co.jp\/fr\/wp-json\/wp\/v2\/pages"}],"about":[{"href":"https:\/\/az-teas.co.jp\/fr\/wp-json\/wp\/v2\/types\/page"}],"author":[{"embeddable":true,"href":"https:\/\/az-teas.co.jp\/fr\/wp-json\/wp\/v2\/users\/1"}],"replies":[{"embeddable":true,"href":"https:\/\/az-teas.co.jp\/fr\/wp-json\/wp\/v2\/comments?post=6229"}],"version-history":[{"count":0,"href":"https:\/\/az-teas.co.jp\/fr\/wp-json\/wp\/v2\/pages\/6229\/revisions"}],"wp:attachment":[{"href":"https:\/\/az-teas.co.jp\/fr\/wp-json\/wp\/v2\/media?parent=6229"}],"curies":[{"name":"wp","href":"https:\/\/api.w.org\/{rel}","templated":true}]}}